{"id":209,"date":"2024-05-30T10:46:19","date_gmt":"2024-05-30T08:46:19","guid":{"rendered":"http:\/\/debrouilletoi.com\/?post_type=product&#038;p=209"},"modified":"2026-01-25T22:45:14","modified_gmt":"2026-01-25T21:45:14","slug":"tube-5867a","status":"publish","type":"product","link":"https:\/\/debrouilletoi.com\/index.php\/produit\/tube-5867a\/","title":{"rendered":"Tube d&rsquo;\u00e9mission 5867A"},"content":{"rendered":"<p>Fabriquant : AMPEREX &#8211; R\u00e9f\u00e9rence : 5867A\/TB3\/750 95-44 &#8211; Fr\u00e9quence maxi = 100 MHz &#8211; Puissance de sortie maxi = 1550 W &#8211; Tension anode maxi = 4000 V &#8211; Courant anode maxi = 420 mA &#8211; Dissipation anode maxi = 350 W &#8211; Tension filament = 5V &#8211; Courant filament = 1,41 A.<br \/>\n&#8211; 1 exemplaire neuf dans l&#8217;emballage d&rsquo;origine.<br \/>\n&#8211; 1 exemplaire avec son support.<\/p>\n<p><img loading=\"lazy\" decoding=\"async\" class=\"alignnone size-medium wp-image-213\" src=\"http:\/\/debrouilletoi.com\/wp-content\/uploads\/2024\/05\/5867A-etiquette57-1-212x300.jpg\" alt=\"\" width=\"212\" height=\"300\" srcset=\"https:\/\/debrouilletoi.com\/wp-content\/uploads\/2024\/05\/5867A-etiquette57-1-212x300.jpg 212w, https:\/\/debrouilletoi.com\/wp-content\/uploads\/2024\/05\/5867A-etiquette57-1-600x849.jpg 600w, https:\/\/debrouilletoi.com\/wp-content\/uploads\/2024\/05\/5867A-etiquette57-1.jpg 707w\" sizes=\"auto, (max-width: 212px) 100vw, 212px\" \/><\/p>\n","protected":false},"excerpt":{"rendered":"<ul>\n<li>PWR out : 1500W<\/li>\n<li>Fr\u00e9q : 100MHz<\/li>\n<li>U anode : 4000V<\/li>\n<li>I anode : 420mA<\/li>\n<\/ul>\n","protected":false},"featured_media":210,"template":"","meta":[],"product_brand":[],"product_cat":[29],"product_tag":[],"class_list":{"0":"post-209","1":"product","2":"type-product","3":"status-publish","4":"has-post-thumbnail","6":"product_cat-tubes-a-vide","8":"entry","9":"has-media","11":"first","12":"instock","13":"shipping-taxable","14":"purchasable","15":"product-type-simple","16":"has-product-nav","17":"col","18":"span_1_of_4","19":"owp-content-center","20":"owp-thumbs-layout-horizontal","21":"owp-btn-normal","22":"owp-tabs-layout-horizontal","23":"has-no-thumbnails"},"_links":{"self":[{"href":"https:\/\/debrouilletoi.com\/index.php\/wp-json\/wp\/v2\/product\/209","targetHints":{"allow":["GET"]}}],"collection":[{"href":"https:\/\/debrouilletoi.com\/index.php\/wp-json\/wp\/v2\/product"}],"about":[{"href":"https:\/\/debrouilletoi.com\/index.php\/wp-json\/wp\/v2\/types\/product"}],"wp:featuredmedia":[{"embeddable":true,"href":"https:\/\/debrouilletoi.com\/index.php\/wp-json\/wp\/v2\/media\/210"}],"wp:attachment":[{"href":"https:\/\/debrouilletoi.com\/index.php\/wp-json\/wp\/v2\/media?parent=209"}],"wp:term":[{"taxonomy":"product_brand","embeddable":true,"href":"https:\/\/debrouilletoi.com\/index.php\/wp-json\/wp\/v2\/product_brand?post=209"},{"taxonomy":"product_cat","embeddable":true,"href":"https:\/\/debrouilletoi.com\/index.php\/wp-json\/wp\/v2\/product_cat?post=209"},{"taxonomy":"product_tag","embeddable":true,"href":"https:\/\/debrouilletoi.com\/index.php\/wp-json\/wp\/v2\/product_tag?post=209"}],"curies":[{"name":"wp","href":"https:\/\/api.w.org\/{rel}","templated":true}]}}