{"id":228,"date":"2024-05-30T16:03:39","date_gmt":"2024-05-30T14:03:39","guid":{"rendered":"http:\/\/debrouilletoi.com\/?post_type=product&#038;p=228"},"modified":"2026-01-21T11:35:47","modified_gmt":"2026-01-21T10:35:47","slug":"generateur-hf-de-puissance","status":"publish","type":"product","link":"https:\/\/debrouilletoi.com\/index.php\/produit\/generateur-hf-de-puissance\/","title":{"rendered":"R&#038;S SMLM &#8211; G\u00e9n\u00e9rateur HF de puissance \u00e0 tubes"},"content":{"rendered":"<p>G\u00e9n\u00e9rateur HF de puissance &#8211; Marque : Rohde &amp; Schhwarz &#8211; Type : SMLM &#8211; Fr\u00e9quences 30 \u00e0 303 MHz.<\/p>\n<p><img loading=\"lazy\" decoding=\"async\" class=\"alignnone size-medium wp-image-243\" src=\"http:\/\/debrouilletoi.com\/wp-content\/uploads\/2024\/05\/SMLM-2-300x169.jpg\" alt=\"\" width=\"300\" height=\"169\" srcset=\"https:\/\/debrouilletoi.com\/wp-content\/uploads\/2024\/05\/SMLM-2-300x169.jpg 300w, https:\/\/debrouilletoi.com\/wp-content\/uploads\/2024\/05\/SMLM-2-1024x576.jpg 1024w, https:\/\/debrouilletoi.com\/wp-content\/uploads\/2024\/05\/SMLM-2-768x432.jpg 768w, https:\/\/debrouilletoi.com\/wp-content\/uploads\/2024\/05\/SMLM-2-1536x864.jpg 1536w, https:\/\/debrouilletoi.com\/wp-content\/uploads\/2024\/05\/SMLM-2-800x450.jpg 800w, https:\/\/debrouilletoi.com\/wp-content\/uploads\/2024\/05\/SMLM-2-600x338.jpg 600w, https:\/\/debrouilletoi.com\/wp-content\/uploads\/2024\/05\/SMLM-2.jpg 2000w\" sizes=\"auto, (max-width: 300px) 100vw, 300px\" \/> <img loading=\"lazy\" decoding=\"async\" class=\"alignnone size-medium wp-image-244\" src=\"http:\/\/debrouilletoi.com\/wp-content\/uploads\/2024\/05\/SMLM-3-300x156.jpg\" alt=\"\" width=\"300\" height=\"156\" srcset=\"https:\/\/debrouilletoi.com\/wp-content\/uploads\/2024\/05\/SMLM-3-300x156.jpg 300w, https:\/\/debrouilletoi.com\/wp-content\/uploads\/2024\/05\/SMLM-3-1024x531.jpg 1024w, https:\/\/debrouilletoi.com\/wp-content\/uploads\/2024\/05\/SMLM-3-768x398.jpg 768w, https:\/\/debrouilletoi.com\/wp-content\/uploads\/2024\/05\/SMLM-3-1536x796.jpg 1536w, https:\/\/debrouilletoi.com\/wp-content\/uploads\/2024\/05\/SMLM-3-600x311.jpg 600w, https:\/\/debrouilletoi.com\/wp-content\/uploads\/2024\/05\/SMLM-3.jpg 2000w\" sizes=\"auto, (max-width: 300px) 100vw, 300px\" \/> <img loading=\"lazy\" decoding=\"async\" class=\"alignnone size-medium wp-image-245\" src=\"http:\/\/debrouilletoi.com\/wp-content\/uploads\/2024\/05\/SMLM-4-300x158.jpg\" alt=\"\" width=\"300\" height=\"158\" srcset=\"https:\/\/debrouilletoi.com\/wp-content\/uploads\/2024\/05\/SMLM-4-300x158.jpg 300w, https:\/\/debrouilletoi.com\/wp-content\/uploads\/2024\/05\/SMLM-4-1024x540.jpg 1024w, https:\/\/debrouilletoi.com\/wp-content\/uploads\/2024\/05\/SMLM-4-768x405.jpg 768w, https:\/\/debrouilletoi.com\/wp-content\/uploads\/2024\/05\/SMLM-4-1536x810.jpg 1536w, https:\/\/debrouilletoi.com\/wp-content\/uploads\/2024\/05\/SMLM-4-600x317.jpg 600w, https:\/\/debrouilletoi.com\/wp-content\/uploads\/2024\/05\/SMLM-4.jpg 2000w\" sizes=\"auto, (max-width: 300px) 100vw, 300px\" \/> <img loading=\"lazy\" decoding=\"async\" class=\"alignnone size-medium wp-image-246\" src=\"http:\/\/debrouilletoi.com\/wp-content\/uploads\/2024\/05\/SMLM-5-300x181.jpg\" alt=\"\" width=\"300\" height=\"181\" srcset=\"https:\/\/debrouilletoi.com\/wp-content\/uploads\/2024\/05\/SMLM-5-300x181.jpg 300w, https:\/\/debrouilletoi.com\/wp-content\/uploads\/2024\/05\/SMLM-5-1024x617.jpg 1024w, https:\/\/debrouilletoi.com\/wp-content\/uploads\/2024\/05\/SMLM-5-768x463.jpg 768w, https:\/\/debrouilletoi.com\/wp-content\/uploads\/2024\/05\/SMLM-5-1536x925.jpg 1536w, https:\/\/debrouilletoi.com\/wp-content\/uploads\/2024\/05\/SMLM-5-600x362.jpg 600w, https:\/\/debrouilletoi.com\/wp-content\/uploads\/2024\/05\/SMLM-5.jpg 2000w\" sizes=\"auto, (max-width: 300px) 100vw, 300px\" \/><\/p>\n","protected":false},"excerpt":{"rendered":"<ul>\n<li>R&amp;S<\/li>\n<li>30 \u00e0 303MHz<\/li>\n<\/ul>\n","protected":false},"featured_media":229,"template":"","meta":[],"product_brand":[],"product_cat":[24],"product_tag":[],"class_list":{"0":"post-228","1":"product","2":"type-product","3":"status-publish","4":"has-post-thumbnail","6":"product_cat-mesures","8":"entry","9":"has-media","11":"first","12":"instock","13":"shipping-taxable","14":"purchasable","15":"product-type-simple","16":"has-product-nav","17":"col","18":"span_1_of_4","19":"owp-content-center","20":"owp-thumbs-layout-horizontal","21":"owp-btn-normal","22":"owp-tabs-layout-horizontal","23":"has-no-thumbnails"},"_links":{"self":[{"href":"https:\/\/debrouilletoi.com\/index.php\/wp-json\/wp\/v2\/product\/228","targetHints":{"allow":["GET"]}}],"collection":[{"href":"https:\/\/debrouilletoi.com\/index.php\/wp-json\/wp\/v2\/product"}],"about":[{"href":"https:\/\/debrouilletoi.com\/index.php\/wp-json\/wp\/v2\/types\/product"}],"wp:featuredmedia":[{"embeddable":true,"href":"https:\/\/debrouilletoi.com\/index.php\/wp-json\/wp\/v2\/media\/229"}],"wp:attachment":[{"href":"https:\/\/debrouilletoi.com\/index.php\/wp-json\/wp\/v2\/media?parent=228"}],"wp:term":[{"taxonomy":"product_brand","embeddable":true,"href":"https:\/\/debrouilletoi.com\/index.php\/wp-json\/wp\/v2\/product_brand?post=228"},{"taxonomy":"product_cat","embeddable":true,"href":"https:\/\/debrouilletoi.com\/index.php\/wp-json\/wp\/v2\/product_cat?post=228"},{"taxonomy":"product_tag","embeddable":true,"href":"https:\/\/debrouilletoi.com\/index.php\/wp-json\/wp\/v2\/product_tag?post=228"}],"curies":[{"name":"wp","href":"https:\/\/api.w.org\/{rel}","templated":true}]}}