{"id":233,"date":"2024-05-30T16:51:03","date_gmt":"2024-05-30T14:51:03","guid":{"rendered":"http:\/\/debrouilletoi.com\/?post_type=product&#038;p=233"},"modified":"2026-01-21T11:34:19","modified_gmt":"2026-01-21T10:34:19","slug":"attenuateur-programmable-rs","status":"publish","type":"product","link":"https:\/\/debrouilletoi.com\/index.php\/produit\/attenuateur-programmable-rs\/","title":{"rendered":"R&#038;S DPVP &#8211; Attenuateur programmable"},"content":{"rendered":"<p>Att\u00e9nuateur manuel et programmable &#8211; Marque : Rohde &amp; Schwarz &#8211; Type : DPVP &#8211; 50 Ohms &#8211; Gamme d&rsquo;att\u00e9nuation : 0 \u00e0 139,9 dB avec un pas de 0,1 dB &#8211; Fr\u00e9quences d&rsquo;utilisation : 0 \u00e0 1000 MHz &#8211; Interface de programmation : GPIB.<\/p>\n<p><img loading=\"lazy\" decoding=\"async\" class=\"alignnone size-medium wp-image-239\" src=\"http:\/\/debrouilletoi.com\/wp-content\/uploads\/2024\/05\/DPVP-1-1-300x88.jpg\" alt=\"\" width=\"300\" height=\"88\" srcset=\"https:\/\/debrouilletoi.com\/wp-content\/uploads\/2024\/05\/DPVP-1-1-300x88.jpg 300w, https:\/\/debrouilletoi.com\/wp-content\/uploads\/2024\/05\/DPVP-1-1-1024x299.jpg 1024w, https:\/\/debrouilletoi.com\/wp-content\/uploads\/2024\/05\/DPVP-1-1-768x224.jpg 768w, https:\/\/debrouilletoi.com\/wp-content\/uploads\/2024\/05\/DPVP-1-1-1536x449.jpg 1536w, https:\/\/debrouilletoi.com\/wp-content\/uploads\/2024\/05\/DPVP-1-1-600x175.jpg 600w, https:\/\/debrouilletoi.com\/wp-content\/uploads\/2024\/05\/DPVP-1-1.jpg 2000w\" sizes=\"auto, (max-width: 300px) 100vw, 300px\" \/> <img loading=\"lazy\" decoding=\"async\" class=\"alignnone size-medium wp-image-240\" src=\"http:\/\/debrouilletoi.com\/wp-content\/uploads\/2024\/05\/DPVP-2-300x202.jpg\" alt=\"\" width=\"300\" height=\"202\" srcset=\"https:\/\/debrouilletoi.com\/wp-content\/uploads\/2024\/05\/DPVP-2-300x202.jpg 300w, https:\/\/debrouilletoi.com\/wp-content\/uploads\/2024\/05\/DPVP-2-1024x689.jpg 1024w, https:\/\/debrouilletoi.com\/wp-content\/uploads\/2024\/05\/DPVP-2-768x517.jpg 768w, https:\/\/debrouilletoi.com\/wp-content\/uploads\/2024\/05\/DPVP-2-1536x1034.jpg 1536w, https:\/\/debrouilletoi.com\/wp-content\/uploads\/2024\/05\/DPVP-2-600x404.jpg 600w, https:\/\/debrouilletoi.com\/wp-content\/uploads\/2024\/05\/DPVP-2.jpg 2000w\" sizes=\"auto, (max-width: 300px) 100vw, 300px\" \/> <img loading=\"lazy\" decoding=\"async\" class=\"alignnone size-medium wp-image-241\" src=\"http:\/\/debrouilletoi.com\/wp-content\/uploads\/2024\/05\/DPVP-3-300x218.jpg\" alt=\"\" width=\"300\" height=\"218\" srcset=\"https:\/\/debrouilletoi.com\/wp-content\/uploads\/2024\/05\/DPVP-3-300x218.jpg 300w, https:\/\/debrouilletoi.com\/wp-content\/uploads\/2024\/05\/DPVP-3-1024x743.jpg 1024w, https:\/\/debrouilletoi.com\/wp-content\/uploads\/2024\/05\/DPVP-3-768x557.jpg 768w, https:\/\/debrouilletoi.com\/wp-content\/uploads\/2024\/05\/DPVP-3-1536x1114.jpg 1536w, https:\/\/debrouilletoi.com\/wp-content\/uploads\/2024\/05\/DPVP-3-600x435.jpg 600w, https:\/\/debrouilletoi.com\/wp-content\/uploads\/2024\/05\/DPVP-3.jpg 2000w\" sizes=\"auto, (max-width: 300px) 100vw, 300px\" \/> <img loading=\"lazy\" decoding=\"async\" class=\"alignnone size-medium wp-image-242\" src=\"http:\/\/debrouilletoi.com\/wp-content\/uploads\/2024\/05\/DPVP-4-300x105.jpg\" alt=\"\" width=\"300\" height=\"105\" srcset=\"https:\/\/debrouilletoi.com\/wp-content\/uploads\/2024\/05\/DPVP-4-300x105.jpg 300w, https:\/\/debrouilletoi.com\/wp-content\/uploads\/2024\/05\/DPVP-4-1024x359.jpg 1024w, https:\/\/debrouilletoi.com\/wp-content\/uploads\/2024\/05\/DPVP-4-768x270.jpg 768w, https:\/\/debrouilletoi.com\/wp-content\/uploads\/2024\/05\/DPVP-4-1536x539.jpg 1536w, https:\/\/debrouilletoi.com\/wp-content\/uploads\/2024\/05\/DPVP-4-600x211.jpg 600w, https:\/\/debrouilletoi.com\/wp-content\/uploads\/2024\/05\/DPVP-4.jpg 2000w\" sizes=\"auto, (max-width: 300px) 100vw, 300px\" \/><\/p>\n","protected":false},"excerpt":{"rendered":"<ul>\n<li>R&amp;S<\/li>\n<li>Att\u00e9nuation : 0 \u00e0 139,9dB<\/li>\n<li>Fr\u00e9quence : 0 \u00e0 1000MHz<\/li>\n<\/ul>\n","protected":false},"featured_media":256,"template":"","meta":[],"product_brand":[],"product_cat":[24],"product_tag":[],"class_list":{"0":"post-233","1":"product","2":"type-product","3":"status-publish","4":"has-post-thumbnail","6":"product_cat-mesures","8":"entry","9":"has-media","11":"first","12":"outofstock","13":"shipping-taxable","14":"purchasable","15":"product-type-simple","16":"has-product-nav","17":"col","18":"span_1_of_4","19":"owp-content-center","20":"owp-thumbs-layout-horizontal","21":"owp-btn-normal","22":"owp-tabs-layout-horizontal","23":"has-no-thumbnails"},"_links":{"self":[{"href":"https:\/\/debrouilletoi.com\/index.php\/wp-json\/wp\/v2\/product\/233","targetHints":{"allow":["GET"]}}],"collection":[{"href":"https:\/\/debrouilletoi.com\/index.php\/wp-json\/wp\/v2\/product"}],"about":[{"href":"https:\/\/debrouilletoi.com\/index.php\/wp-json\/wp\/v2\/types\/product"}],"wp:featuredmedia":[{"embeddable":true,"href":"https:\/\/debrouilletoi.com\/index.php\/wp-json\/wp\/v2\/media\/256"}],"wp:attachment":[{"href":"https:\/\/debrouilletoi.com\/index.php\/wp-json\/wp\/v2\/media?parent=233"}],"wp:term":[{"taxonomy":"product_brand","embeddable":true,"href":"https:\/\/debrouilletoi.com\/index.php\/wp-json\/wp\/v2\/product_brand?post=233"},{"taxonomy":"product_cat","embeddable":true,"href":"https:\/\/debrouilletoi.com\/index.php\/wp-json\/wp\/v2\/product_cat?post=233"},{"taxonomy":"product_tag","embeddable":true,"href":"https:\/\/debrouilletoi.com\/index.php\/wp-json\/wp\/v2\/product_tag?post=233"}],"curies":[{"name":"wp","href":"https:\/\/api.w.org\/{rel}","templated":true}]}}