{"id":261,"date":"2024-05-31T09:32:36","date_gmt":"2024-05-31T07:32:36","guid":{"rendered":"http:\/\/debrouilletoi.com\/?post_type=product&#038;p=261"},"modified":"2026-01-21T11:33:07","modified_gmt":"2026-01-21T10:33:07","slug":"generateur-de-forme-arbitraire-hp-33120a","status":"publish","type":"product","link":"https:\/\/debrouilletoi.com\/index.php\/produit\/generateur-de-forme-arbitraire-hp-33120a\/","title":{"rendered":"HP 33120A &#8211; G\u00e9n\u00e9rateur de signal de formes arbitraires"},"content":{"rendered":"<p>Marque : HEWLETT-PACKARD &#8211; R\u00e9ference : 33120A &#8211; 15 MHz &#8211; Fonction \/ Arbitray waveform generator<\/p>\n<p><img loading=\"lazy\" decoding=\"async\" class=\"alignnone size-medium wp-image-363\" src=\"http:\/\/debrouilletoi.com\/wp-content\/uploads\/2024\/05\/HP-33120A-2-300x130.jpg\" alt=\"\" width=\"300\" height=\"130\" srcset=\"https:\/\/debrouilletoi.com\/wp-content\/uploads\/2024\/05\/HP-33120A-2-300x130.jpg 300w, https:\/\/debrouilletoi.com\/wp-content\/uploads\/2024\/05\/HP-33120A-2-1024x443.jpg 1024w, https:\/\/debrouilletoi.com\/wp-content\/uploads\/2024\/05\/HP-33120A-2-768x332.jpg 768w, https:\/\/debrouilletoi.com\/wp-content\/uploads\/2024\/05\/HP-33120A-2-1536x665.jpg 1536w, https:\/\/debrouilletoi.com\/wp-content\/uploads\/2024\/05\/HP-33120A-2-2048x887.jpg 2048w, https:\/\/debrouilletoi.com\/wp-content\/uploads\/2024\/05\/HP-33120A-2-600x260.jpg 600w\" sizes=\"auto, (max-width: 300px) 100vw, 300px\" \/><\/p>\n","protected":false},"excerpt":{"rendered":"<ul>\n<li>Arbitrary waveform generator<\/li>\n<li>Hewlett-Packard 33120A<\/li>\n<li>15MHz<\/li>\n<\/ul>\n","protected":false},"featured_media":262,"template":"","meta":[],"product_brand":[],"product_cat":[24],"product_tag":[],"class_list":{"0":"post-261","1":"product","2":"type-product","3":"status-publish","4":"has-post-thumbnail","6":"product_cat-mesures","8":"entry","9":"has-media","11":"first","12":"instock","13":"shipping-taxable","14":"purchasable","15":"product-type-simple","16":"has-product-nav","17":"col","18":"span_1_of_4","19":"owp-content-center","20":"owp-thumbs-layout-horizontal","21":"owp-btn-normal","22":"owp-tabs-layout-horizontal","23":"has-no-thumbnails"},"_links":{"self":[{"href":"https:\/\/debrouilletoi.com\/index.php\/wp-json\/wp\/v2\/product\/261","targetHints":{"allow":["GET"]}}],"collection":[{"href":"https:\/\/debrouilletoi.com\/index.php\/wp-json\/wp\/v2\/product"}],"about":[{"href":"https:\/\/debrouilletoi.com\/index.php\/wp-json\/wp\/v2\/types\/product"}],"wp:featuredmedia":[{"embeddable":true,"href":"https:\/\/debrouilletoi.com\/index.php\/wp-json\/wp\/v2\/media\/262"}],"wp:attachment":[{"href":"https:\/\/debrouilletoi.com\/index.php\/wp-json\/wp\/v2\/media?parent=261"}],"wp:term":[{"taxonomy":"product_brand","embeddable":true,"href":"https:\/\/debrouilletoi.com\/index.php\/wp-json\/wp\/v2\/product_brand?post=261"},{"taxonomy":"product_cat","embeddable":true,"href":"https:\/\/debrouilletoi.com\/index.php\/wp-json\/wp\/v2\/product_cat?post=261"},{"taxonomy":"product_tag","embeddable":true,"href":"https:\/\/debrouilletoi.com\/index.php\/wp-json\/wp\/v2\/product_tag?post=261"}],"curies":[{"name":"wp","href":"https:\/\/api.w.org\/{rel}","templated":true}]}}