{"id":440,"date":"2024-06-20T19:07:44","date_gmt":"2024-06-20T17:07:44","guid":{"rendered":"https:\/\/debrouilletoi.com\/?post_type=product&#038;p=440"},"modified":"2026-01-21T11:40:10","modified_gmt":"2026-01-21T10:40:10","slug":"sondes-de-champ-proche-hp11940a-11941a","status":"publish","type":"product","link":"https:\/\/debrouilletoi.com\/index.php\/produit\/sondes-de-champ-proche-hp11940a-11941a\/","title":{"rendered":"HP 11940A\/11941A &#8211; Lot de 2 sondes de champ proche"},"content":{"rendered":"<p>Lot de 2 sondes de champ proche HEWLETT-PACKARD &#8211; R\u00e9f\u00e9rence : HP11940A ( 30MHz \u00e0 1GHz) et HP11941A (9kHz \u00e0 30MHz)<\/p>\n","protected":false},"excerpt":{"rendered":"<ul>\n<li>Lot de 2 sondes champ proche<\/li>\n<li>HP11940A<\/li>\n<li>HP11941A<\/li>\n<\/ul>\n","protected":false},"featured_media":441,"template":"","meta":[],"product_brand":[],"product_cat":[24],"product_tag":[],"class_list":{"0":"post-440","1":"product","2":"type-product","3":"status-publish","4":"has-post-thumbnail","6":"product_cat-mesures","8":"entry","9":"has-media","11":"first","12":"instock","13":"shipping-taxable","14":"purchasable","15":"product-type-simple","16":"has-product-nav","17":"col","18":"span_1_of_4","19":"owp-content-center","20":"owp-thumbs-layout-horizontal","21":"owp-btn-normal","22":"owp-tabs-layout-horizontal","23":"has-no-thumbnails"},"_links":{"self":[{"href":"https:\/\/debrouilletoi.com\/index.php\/wp-json\/wp\/v2\/product\/440","targetHints":{"allow":["GET"]}}],"collection":[{"href":"https:\/\/debrouilletoi.com\/index.php\/wp-json\/wp\/v2\/product"}],"about":[{"href":"https:\/\/debrouilletoi.com\/index.php\/wp-json\/wp\/v2\/types\/product"}],"wp:featuredmedia":[{"embeddable":true,"href":"https:\/\/debrouilletoi.com\/index.php\/wp-json\/wp\/v2\/media\/441"}],"wp:attachment":[{"href":"https:\/\/debrouilletoi.com\/index.php\/wp-json\/wp\/v2\/media?parent=440"}],"wp:term":[{"taxonomy":"product_brand","embeddable":true,"href":"https:\/\/debrouilletoi.com\/index.php\/wp-json\/wp\/v2\/product_brand?post=440"},{"taxonomy":"product_cat","embeddable":true,"href":"https:\/\/debrouilletoi.com\/index.php\/wp-json\/wp\/v2\/product_cat?post=440"},{"taxonomy":"product_tag","embeddable":true,"href":"https:\/\/debrouilletoi.com\/index.php\/wp-json\/wp\/v2\/product_tag?post=440"}],"curies":[{"name":"wp","href":"https:\/\/api.w.org\/{rel}","templated":true}]}}