{"id":443,"date":"2024-06-20T19:14:54","date_gmt":"2024-06-20T17:14:54","guid":{"rendered":"https:\/\/debrouilletoi.com\/?post_type=product&#038;p=443"},"modified":"2024-08-03T18:21:17","modified_gmt":"2024-08-03T16:21:17","slug":"generateur-de-peigne-pour-mesures-cem","status":"publish","type":"product","link":"https:\/\/debrouilletoi.com\/index.php\/produit\/generateur-de-peigne-pour-mesures-cem\/","title":{"rendered":"G\u00e9n\u00e9rateur de peigne pour mesures CEM"},"content":{"rendered":"<p>G\u00e9n\u00e9rateur de peigne pour mesures CEM : Fabricant : Com-Power &#8211; R\u00e9f\u00e9rence : CG-505 &#8211; 30MHz \u00e0 1000MHz &#8211; Pas : 5MHz.<\/p>\n<p><img loading=\"lazy\" decoding=\"async\" class=\"alignnone size-medium wp-image-445\" src=\"http:\/\/debrouilletoi.com\/wp-content\/uploads\/2024\/06\/generateur-peigne-2-300x297.jpg\" alt=\"\" width=\"300\" height=\"297\" srcset=\"https:\/\/debrouilletoi.com\/wp-content\/uploads\/2024\/06\/generateur-peigne-2-300x297.jpg 300w, https:\/\/debrouilletoi.com\/wp-content\/uploads\/2024\/06\/generateur-peigne-2-1024x1012.jpg 1024w, https:\/\/debrouilletoi.com\/wp-content\/uploads\/2024\/06\/generateur-peigne-2-150x150.jpg 150w, https:\/\/debrouilletoi.com\/wp-content\/uploads\/2024\/06\/generateur-peigne-2-768x759.jpg 768w, https:\/\/debrouilletoi.com\/wp-content\/uploads\/2024\/06\/generateur-peigne-2-1536x1518.jpg 1536w, https:\/\/debrouilletoi.com\/wp-content\/uploads\/2024\/06\/generateur-peigne-2-2048x2024.jpg 2048w, https:\/\/debrouilletoi.com\/wp-content\/uploads\/2024\/06\/generateur-peigne-2-600x593.jpg 600w, https:\/\/debrouilletoi.com\/wp-content\/uploads\/2024\/06\/generateur-peigne-2-100x100.jpg 100w\" sizes=\"auto, (max-width: 300px) 100vw, 300px\" \/><\/p>\n<p><img loading=\"lazy\" decoding=\"async\" class=\"alignnone size-medium wp-image-454\" src=\"http:\/\/debrouilletoi.com\/wp-content\/uploads\/2024\/06\/generateur-peigne-3-300x295.jpg\" alt=\"\" width=\"300\" height=\"295\" srcset=\"https:\/\/debrouilletoi.com\/wp-content\/uploads\/2024\/06\/generateur-peigne-3-300x295.jpg 300w, https:\/\/debrouilletoi.com\/wp-content\/uploads\/2024\/06\/generateur-peigne-3-1024x1007.jpg 1024w, https:\/\/debrouilletoi.com\/wp-content\/uploads\/2024\/06\/generateur-peigne-3-768x755.jpg 768w, https:\/\/debrouilletoi.com\/wp-content\/uploads\/2024\/06\/generateur-peigne-3-1536x1510.jpg 1536w, https:\/\/debrouilletoi.com\/wp-content\/uploads\/2024\/06\/generateur-peigne-3-2048x2014.jpg 2048w, https:\/\/debrouilletoi.com\/wp-content\/uploads\/2024\/06\/generateur-peigne-3-600x590.jpg 600w\" sizes=\"auto, (max-width: 300px) 100vw, 300px\" \/><\/p>\n<p><img loading=\"lazy\" decoding=\"async\" class=\"alignnone size-medium wp-image-455\" src=\"http:\/\/debrouilletoi.com\/wp-content\/uploads\/2024\/06\/generateur-peigne-4-300x300.jpg\" alt=\"\" width=\"300\" height=\"300\" srcset=\"https:\/\/debrouilletoi.com\/wp-content\/uploads\/2024\/06\/generateur-peigne-4-300x300.jpg 300w, https:\/\/debrouilletoi.com\/wp-content\/uploads\/2024\/06\/generateur-peigne-4-1024x1024.jpg 1024w, https:\/\/debrouilletoi.com\/wp-content\/uploads\/2024\/06\/generateur-peigne-4-150x150.jpg 150w, https:\/\/debrouilletoi.com\/wp-content\/uploads\/2024\/06\/generateur-peigne-4-768x768.jpg 768w, https:\/\/debrouilletoi.com\/wp-content\/uploads\/2024\/06\/generateur-peigne-4-1536x1536.jpg 1536w, https:\/\/debrouilletoi.com\/wp-content\/uploads\/2024\/06\/generateur-peigne-4-2048x2048.jpg 2048w, https:\/\/debrouilletoi.com\/wp-content\/uploads\/2024\/06\/generateur-peigne-4-600x600.jpg 600w, https:\/\/debrouilletoi.com\/wp-content\/uploads\/2024\/06\/generateur-peigne-4-100x100.jpg 100w\" sizes=\"auto, (max-width: 300px) 100vw, 300px\" \/><\/p>\n","protected":false},"excerpt":{"rendered":"<ul>\n<li>G\u00e9n\u00e9rateur de peigne CEM<\/li>\n<li>Gamme : 30MHz \u00e0 1000MHz<\/li>\n<li>Pas : 5MHz<\/li>\n<\/ul>\n","protected":false},"featured_media":444,"template":"","meta":[],"product_brand":[],"product_cat":[24],"product_tag":[],"class_list":{"0":"post-443","1":"product","2":"type-product","3":"status-publish","4":"has-post-thumbnail","6":"product_cat-mesures","8":"entry","9":"has-media","11":"first","12":"instock","13":"shipping-taxable","14":"purchasable","15":"product-type-simple","16":"has-product-nav","17":"col","18":"span_1_of_4","19":"owp-content-center","20":"owp-thumbs-layout-horizontal","21":"owp-btn-normal","22":"owp-tabs-layout-horizontal","23":"has-no-thumbnails"},"_links":{"self":[{"href":"https:\/\/debrouilletoi.com\/index.php\/wp-json\/wp\/v2\/product\/443","targetHints":{"allow":["GET"]}}],"collection":[{"href":"https:\/\/debrouilletoi.com\/index.php\/wp-json\/wp\/v2\/product"}],"about":[{"href":"https:\/\/debrouilletoi.com\/index.php\/wp-json\/wp\/v2\/types\/product"}],"wp:featuredmedia":[{"embeddable":true,"href":"https:\/\/debrouilletoi.com\/index.php\/wp-json\/wp\/v2\/media\/444"}],"wp:attachment":[{"href":"https:\/\/debrouilletoi.com\/index.php\/wp-json\/wp\/v2\/media?parent=443"}],"wp:term":[{"taxonomy":"product_brand","embeddable":true,"href":"https:\/\/debrouilletoi.com\/index.php\/wp-json\/wp\/v2\/product_brand?post=443"},{"taxonomy":"product_cat","embeddable":true,"href":"https:\/\/debrouilletoi.com\/index.php\/wp-json\/wp\/v2\/product_cat?post=443"},{"taxonomy":"product_tag","embeddable":true,"href":"https:\/\/debrouilletoi.com\/index.php\/wp-json\/wp\/v2\/product_tag?post=443"}],"curies":[{"name":"wp","href":"https:\/\/api.w.org\/{rel}","templated":true}]}}