{"id":628,"date":"2024-12-09T15:38:13","date_gmt":"2024-12-09T14:38:13","guid":{"rendered":"https:\/\/debrouilletoi.com\/?post_type=product&#038;p=628"},"modified":"2024-12-09T15:38:26","modified_gmt":"2024-12-09T14:38:26","slug":"varicap-cxy26","status":"publish","type":"product","link":"https:\/\/debrouilletoi.com\/index.php\/produit\/varicap-cxy26\/","title":{"rendered":"Varicap CXY26"},"content":{"rendered":"<p>Diode Varicap Philips &#8211; CXY26 &#8211; Gallium Arsenid Hyper-Abrupt Varactor Diode &#8211; 1 \u00e0 10pF &#8211; Q = 3000 \u00e0 1pF, Q = 1000 \u00e0 10pF &#8211; Package MO-64<\/p>\n","protected":false},"excerpt":{"rendered":"<ul>\n<li>CXY26<\/li>\n<li>Varactor<\/li>\n<li>Gallium Arsenid<\/li>\n<li>1 \u00e0 10pF<\/li>\n<li>Q = 3000 \u00e0 1pF<\/li>\n<li>Package MO-64<\/li>\n<\/ul>\n","protected":false},"featured_media":629,"template":"","meta":[],"product_brand":[],"product_cat":[47],"product_tag":[],"class_list":{"0":"post-628","1":"product","2":"type-product","3":"status-publish","4":"has-post-thumbnail","6":"product_cat-diodes","8":"entry","9":"has-media","11":"first","12":"instock","13":"shipping-taxable","14":"purchasable","15":"product-type-simple","16":"has-product-nav","17":"col","18":"span_1_of_4","19":"owp-content-center","20":"owp-thumbs-layout-horizontal","21":"owp-btn-normal","22":"owp-tabs-layout-horizontal","23":"has-no-thumbnails"},"_links":{"self":[{"href":"https:\/\/debrouilletoi.com\/index.php\/wp-json\/wp\/v2\/product\/628","targetHints":{"allow":["GET"]}}],"collection":[{"href":"https:\/\/debrouilletoi.com\/index.php\/wp-json\/wp\/v2\/product"}],"about":[{"href":"https:\/\/debrouilletoi.com\/index.php\/wp-json\/wp\/v2\/types\/product"}],"wp:featuredmedia":[{"embeddable":true,"href":"https:\/\/debrouilletoi.com\/index.php\/wp-json\/wp\/v2\/media\/629"}],"wp:attachment":[{"href":"https:\/\/debrouilletoi.com\/index.php\/wp-json\/wp\/v2\/media?parent=628"}],"wp:term":[{"taxonomy":"product_brand","embeddable":true,"href":"https:\/\/debrouilletoi.com\/index.php\/wp-json\/wp\/v2\/product_brand?post=628"},{"taxonomy":"product_cat","embeddable":true,"href":"https:\/\/debrouilletoi.com\/index.php\/wp-json\/wp\/v2\/product_cat?post=628"},{"taxonomy":"product_tag","embeddable":true,"href":"https:\/\/debrouilletoi.com\/index.php\/wp-json\/wp\/v2\/product_tag?post=628"}],"curies":[{"name":"wp","href":"https:\/\/api.w.org\/{rel}","templated":true}]}}